{"id":493,"date":"2025-05-06T12:31:01","date_gmt":"2025-05-06T10:31:01","guid":{"rendered":"http:\/\/www.filivivi.it\/?page_id=493"},"modified":"2025-06-23T13:23:31","modified_gmt":"2025-06-23T11:23:31","slug":"servizi-filivivi","status":"publish","type":"page","link":"https:\/\/www.filivivi.it\/?page_id=493&lang=it","title":{"rendered":"SERVIZI &#8211; Filivivi"},"content":{"rendered":"\t\t<div data-elementor-type=\"wp-page\" data-elementor-id=\"493\" class=\"elementor elementor-493\" data-elementor-post-type=\"page\">\n\t\t\t\t<div class=\"elementor-element elementor-element-ea6b3f9 e-con-full e-flex e-con e-parent\" data-id=\"ea6b3f9\" data-element_type=\"container\" data-settings=\"{&quot;background_background&quot;:&quot;classic&quot;}\">\n\t\t<div class=\"elementor-element elementor-element-1b7f416 e-flex e-con-boxed e-con e-child\" data-id=\"1b7f416\" data-element_type=\"container\">\n\t\t\t\t\t<div class=\"e-con-inner\">\n\t\t<div class=\"elementor-element elementor-element-6baebaa e-con-full e-flex e-con e-child\" data-id=\"6baebaa\" data-element_type=\"container\">\n\t\t\t\t<div class=\"elementor-element elementor-element-fb2371c elementor-widget elementor-widget-heading\" data-id=\"fb2371c\" data-element_type=\"widget\" data-widget_type=\"heading.default\">\n\t\t\t\t<div class=\"elementor-widget-container\">\n\t\t\t\t\t<h1 class=\"elementor-heading-title elementor-size-default\">SERVIZI<\/h1>\t\t\t\t<\/div>\n\t\t\t\t<\/div>\n\t\t\t\t<\/div>\n\t\t\t\t\t<\/div>\n\t\t\t\t<\/div>\n\t\t\t\t<\/div>\n\t\t<div class=\"elementor-element elementor-element-a6cfb30 e-con-full e-flex e-con e-parent\" data-id=\"a6cfb30\" data-element_type=\"container\">\n\t\t\t\t<div class=\"elementor-element elementor-element-1fcd61c elementor-widget elementor-widget-spacer\" data-id=\"1fcd61c\" data-element_type=\"widget\" data-widget_type=\"spacer.default\">\n\t\t\t\t<div class=\"elementor-widget-container\">\n\t\t\t\t\t\t\t<div class=\"elementor-spacer\">\n\t\t\t<div class=\"elementor-spacer-inner\"><\/div>\n\t\t<\/div>\n\t\t\t\t\t\t<\/div>\n\t\t\t\t<\/div>\n\t\t\t\t<div class=\"elementor-element elementor-element-d0ff71d elementor-widget elementor-widget-text-editor\" data-id=\"d0ff71d\" data-element_type=\"widget\" data-widget_type=\"text-editor.default\">\n\t\t\t\t<div class=\"elementor-widget-container\">\n\t\t\t\t\t\t\t\t\t<h3>Stock Service<\/h3>\t\t\t\t\t\t\t\t<\/div>\n\t\t\t\t<\/div>\n\t\t\t\t<div class=\"elementor-element elementor-element-c63b90f elementor-widget elementor-widget-text-editor\" data-id=\"c63b90f\" data-element_type=\"widget\" data-widget_type=\"text-editor.default\">\n\t\t\t\t<div class=\"elementor-widget-container\">\n\t\t\t\t\t\t\t\t\t<p>Non \u00e8 importante semplicemente soddisfare le esigenze dei clienti in ogni modo possibile, \u00e8 fondamentale saperli anticipare con l\u2019aiuto dell\u2019esperienza, della competenza e della capacit\u00e0 di prevedere le tendenze del mercato. Per questo dedichiamo meticolosa attenzione all\u2019efficienza del nostro stock service di magazzino che copre un\u2019ampia gamma di filati e colori e soddisfa sia ordini grandi che piccoli, e che rappresenta un\u2019importante risorsa per i clienti che richiedono tempestivit\u00e0 e affidabilit\u00e0.<\/p>\t\t\t\t\t\t\t\t<\/div>\n\t\t\t\t<\/div>\n\t\t\t\t<div class=\"elementor-element elementor-element-3218ed5 elementor-widget elementor-widget-spacer\" data-id=\"3218ed5\" data-element_type=\"widget\" data-widget_type=\"spacer.default\">\n\t\t\t\t<div class=\"elementor-widget-container\">\n\t\t\t\t\t\t\t<div class=\"elementor-spacer\">\n\t\t\t<div class=\"elementor-spacer-inner\"><\/div>\n\t\t<\/div>\n\t\t\t\t\t\t<\/div>\n\t\t\t\t<\/div>\n\t\t\t\t<\/div>\n\t\t<div class=\"elementor-element elementor-element-7cf1fc8 e-con-full e-flex e-con e-parent\" data-id=\"7cf1fc8\" data-element_type=\"container\" data-settings=\"{&quot;background_background&quot;:&quot;classic&quot;}\">\n\t\t<div class=\"elementor-element elementor-element-929020e e-con-full e-flex e-con e-child\" data-id=\"929020e\" data-element_type=\"container\">\n\t\t\t\t<div class=\"elementor-element elementor-element-9955366 elementor-widget elementor-widget-image\" data-id=\"9955366\" data-element_type=\"widget\" data-widget_type=\"image.default\">\n\t\t\t\t<div class=\"elementor-widget-container\">\n\t\t\t\t\t\t\t\t\t\t\t\t\t\t\t<img decoding=\"async\" src=\"http:\/\/www.filivivi.it\/wp-content\/uploads\/2025\/05\/Filivivi-services-02.png\" title=\"\" alt=\"\" loading=\"lazy\" \/>\t\t\t\t\t\t\t\t\t\t\t\t\t\t\t<\/div>\n\t\t\t\t<\/div>\n\t\t\t\t<\/div>\n\t\t\t\t<\/div>\n\t\t<div class=\"elementor-element elementor-element-78c22c5 e-con-full e-flex e-con e-parent\" data-id=\"78c22c5\" data-element_type=\"container\">\n\t\t\t\t<div class=\"elementor-element elementor-element-bad87d7 elementor-widget elementor-widget-spacer\" data-id=\"bad87d7\" data-element_type=\"widget\" data-widget_type=\"spacer.default\">\n\t\t\t\t<div class=\"elementor-widget-container\">\n\t\t\t\t\t\t\t<div class=\"elementor-spacer\">\n\t\t\t<div class=\"elementor-spacer-inner\"><\/div>\n\t\t<\/div>\n\t\t\t\t\t\t<\/div>\n\t\t\t\t<\/div>\n\t\t\t\t<div class=\"elementor-element elementor-element-fe99727 elementor-widget elementor-widget-text-editor\" data-id=\"fe99727\" data-element_type=\"widget\" data-widget_type=\"text-editor.default\">\n\t\t\t\t<div class=\"elementor-widget-container\">\n\t\t\t\t\t\t\t\t\t<h3>Worlwide Distribution<\/h3>\t\t\t\t\t\t\t\t<\/div>\n\t\t\t\t<\/div>\n\t\t\t\t<div class=\"elementor-element elementor-element-2266c6c elementor-widget elementor-widget-text-editor\" data-id=\"2266c6c\" data-element_type=\"widget\" data-widget_type=\"text-editor.default\">\n\t\t\t\t<div class=\"elementor-widget-container\">\n\t\t\t\t\t\t\t\t\t<p>Il nostro sistema di distribuzione attentamente pianificato ci consente di consegnare gli ordini rapidamente, ma non \u00e8 tutto. Siamo inoltre in grado, su richiesta, di consegnare i filati direttamente negli stabilimenti indicati dal cliente ovunque essi siano ubicati.<\/p>\t\t\t\t\t\t\t\t<\/div>\n\t\t\t\t<\/div>\n\t\t\t\t<div class=\"elementor-element elementor-element-475a1b3 elementor-widget elementor-widget-spacer\" data-id=\"475a1b3\" data-element_type=\"widget\" data-widget_type=\"spacer.default\">\n\t\t\t\t<div class=\"elementor-widget-container\">\n\t\t\t\t\t\t\t<div class=\"elementor-spacer\">\n\t\t\t<div class=\"elementor-spacer-inner\"><\/div>\n\t\t<\/div>\n\t\t\t\t\t\t<\/div>\n\t\t\t\t<\/div>\n\t\t\t\t<\/div>\n\t\t<div class=\"elementor-element elementor-element-3d7923d e-con-full e-flex e-con e-parent\" data-id=\"3d7923d\" data-element_type=\"container\" data-settings=\"{&quot;background_background&quot;:&quot;classic&quot;}\">\n\t\t<div class=\"elementor-element elementor-element-fe9f0d0 e-con-full e-flex e-con e-child\" data-id=\"fe9f0d0\" data-element_type=\"container\">\n\t\t\t\t<div class=\"elementor-element elementor-element-b7e90ce elementor-widget elementor-widget-image\" data-id=\"b7e90ce\" data-element_type=\"widget\" data-widget_type=\"image.default\">\n\t\t\t\t<div class=\"elementor-widget-container\">\n\t\t\t\t\t\t\t\t\t\t\t\t\t\t\t<img decoding=\"async\" src=\"http:\/\/www.filivivi.it\/wp-content\/uploads\/2025\/05\/Filivivi-services-03.png\" title=\"\" alt=\"\" loading=\"lazy\" \/>\t\t\t\t\t\t\t\t\t\t\t\t\t\t\t<\/div>\n\t\t\t\t<\/div>\n\t\t\t\t<\/div>\n\t\t\t\t<\/div>\n\t\t<div class=\"elementor-element elementor-element-a496aec e-con-full e-flex e-con e-parent\" data-id=\"a496aec\" data-element_type=\"container\">\n\t\t\t\t<div class=\"elementor-element elementor-element-0e4fa89 elementor-widget elementor-widget-spacer\" data-id=\"0e4fa89\" data-element_type=\"widget\" data-widget_type=\"spacer.default\">\n\t\t\t\t<div class=\"elementor-widget-container\">\n\t\t\t\t\t\t\t<div class=\"elementor-spacer\">\n\t\t\t<div class=\"elementor-spacer-inner\"><\/div>\n\t\t<\/div>\n\t\t\t\t\t\t<\/div>\n\t\t\t\t<\/div>\n\t\t\t\t<div class=\"elementor-element elementor-element-eca1528 elementor-widget elementor-widget-text-editor\" data-id=\"eca1528\" data-element_type=\"widget\" data-widget_type=\"text-editor.default\">\n\t\t\t\t<div class=\"elementor-widget-container\">\n\t\t\t\t\t\t\t\t\t<h3>Folcolor<\/h3>\t\t\t\t\t\t\t\t<\/div>\n\t\t\t\t<\/div>\n\t\t\t\t<div class=\"elementor-element elementor-element-81bb60c elementor-widget elementor-widget-text-editor\" data-id=\"81bb60c\" data-element_type=\"widget\" data-widget_type=\"text-editor.default\">\n\t\t\t\t<div class=\"elementor-widget-container\">\n\t\t\t\t\t\t\t\t\t<p>Il colore \u00e8 un linguaggio, Folcolor \u00e8 il suo dizionario, un metodo brillante, pratico e intuitivo per codificare e selezionare il colore in oltre mille sfumature di tonalit\u00e0, facilitando il confronto e consentendo l\u2019accesso immediato al filato della gamma scelta. Le cartelle colori Folcolor, pensate per la massima semplicit\u00e0 d\u2019uso, propongono una sequenza di tinte, ciascuna delle quali \u00e8 a sua volta divisa in quattro sotto-tonalit\u00e0. Ogni carta contiene inoltre una serie di strisce organizzate lungo assi visivi che riflettono le caratteristiche percepibili del colore: chiarezza o luminosit\u00e0 (sviluppata dal basso verso l\u2019alto) e saturazione (crescente da sinistra a destra). \u00c8 facile scegliere scorrendo le tonalit\u00e0 ideali per comporre la palette con cui esprimere la propria creativit\u00e0. Folcolor: le gamme cromatiche si dispiegano in modo armonico, evocando la freschezza delle foglie primaverili e l\u2019intensit\u00e0 del fogliame autunnale, la luce bruciante di una giornata estiva al mare e l\u2019atmosfera nebbiosa di un paesaggio invernale.<\/p>\t\t\t\t\t\t\t\t<\/div>\n\t\t\t\t<\/div>\n\t\t\t\t<div class=\"elementor-element elementor-element-e61b7b1 elementor-widget elementor-widget-spacer\" data-id=\"e61b7b1\" data-element_type=\"widget\" data-widget_type=\"spacer.default\">\n\t\t\t\t<div class=\"elementor-widget-container\">\n\t\t\t\t\t\t\t<div class=\"elementor-spacer\">\n\t\t\t<div class=\"elementor-spacer-inner\"><\/div>\n\t\t<\/div>\n\t\t\t\t\t\t<\/div>\n\t\t\t\t<\/div>\n\t\t\t\t<\/div>\n\t\t<div class=\"elementor-element elementor-element-59535fa e-con-full e-flex e-con e-parent\" data-id=\"59535fa\" data-element_type=\"container\" data-settings=\"{&quot;background_background&quot;:&quot;classic&quot;}\">\n\t\t<div class=\"elementor-element elementor-element-a983fb4 e-con-full e-flex e-con e-child\" data-id=\"a983fb4\" data-element_type=\"container\">\n\t\t\t\t<div class=\"elementor-element elementor-element-7a2d6d1 elementor-widget elementor-widget-image\" data-id=\"7a2d6d1\" data-element_type=\"widget\" data-widget_type=\"image.default\">\n\t\t\t\t<div class=\"elementor-widget-container\">\n\t\t\t\t\t\t\t\t\t\t\t\t\t\t\t<img decoding=\"async\" src=\"http:\/\/www.filivivi.it\/wp-content\/uploads\/2025\/05\/Filivivi-services-04.png\" title=\"\" alt=\"\" loading=\"lazy\" \/>\t\t\t\t\t\t\t\t\t\t\t\t\t\t\t<\/div>\n\t\t\t\t<\/div>\n\t\t\t\t<\/div>\n\t\t\t\t<\/div>\n\t\t<div class=\"elementor-element elementor-element-5c08c90 e-con-full e-flex e-con e-parent\" data-id=\"5c08c90\" data-element_type=\"container\">\n\t\t\t\t<div class=\"elementor-element elementor-element-aa1c5c6 elementor-widget elementor-widget-spacer\" data-id=\"aa1c5c6\" data-element_type=\"widget\" data-widget_type=\"spacer.default\">\n\t\t\t\t<div class=\"elementor-widget-container\">\n\t\t\t\t\t\t\t<div class=\"elementor-spacer\">\n\t\t\t<div class=\"elementor-spacer-inner\"><\/div>\n\t\t<\/div>\n\t\t\t\t\t\t<\/div>\n\t\t\t\t<\/div>\n\t\t\t\t<div class=\"elementor-element elementor-element-31278b8 elementor-widget elementor-widget-text-editor\" data-id=\"31278b8\" data-element_type=\"widget\" data-widget_type=\"text-editor.default\">\n\t\t\t\t<div class=\"elementor-widget-container\">\n\t\t\t\t\t\t\t\t\t<h3>Certificazioni<\/h3>\t\t\t\t\t\t\t\t<\/div>\n\t\t\t\t<\/div>\n\t\t\t\t<div class=\"elementor-element elementor-element-688ec1e elementor-widget elementor-widget-text-editor\" data-id=\"688ec1e\" data-element_type=\"widget\" data-widget_type=\"text-editor.default\">\n\t\t\t\t<div class=\"elementor-widget-container\">\n\t\t\t\t\t\t\t\t\t<p><strong>Fare le cose bene. Responsabilmente.<\/strong><\/p><p>Materie prime garantite e certificate, metodi di produzione che rispettano scrupolosamente le norme ambientali e sanitarie, stoccaggio in aree sanificate e trasporto con mezzi altrettanto sanificati. Nell\u2019interesse di tutti. Tutti i trattamenti adottati nei nostri laboratori rispettano scrupolosamente il regolamento Reach, un sistema comunitario di registrazione, valutazione e autorizzazione delle sostanze chimiche, pensato per tutelare sia la nostra salute che l\u2019ambiente. Reach elenca le sostanze chimiche che devono essere indicate se la loro presenza supera lo 0,1%. Filivivi interpreta la norma in modo ancora pi\u00f9 stringente, riducendo ulteriormente le quantit\u00e0 di queste sostanze e facendo s\u00ec che i suoi filati ottengano tutte le principali certificazioni.<\/p><p><strong>Woolmark<\/strong><br \/>Questa certificazione garantisce che i nostri filati in lana soddisfano tutti gli standard internazionali che regolano la composizione e la qualit\u00e0 della lana utilizzata nelle nostre linee di produzione.<\/p><p><strong>Woolmark Blend<\/strong><br \/>Questo certifica che tutti i filati misti sono realizzati con pura lana vergine, in percentuali che possono variare dal 50% al 99%.<\/p><p><strong>Confidence in textiles<\/strong><br \/>Rilasciato dall\u2019associazione internazionale OEKO-TEX, questo logo garantisce il rispetto dei requisiti immuno-ambientali specificati nello standard internazionale OEKO-TEX Standard 100.<\/p><p><strong>Organic Certified by ICEA [GOTS 2017-020]<\/strong><br \/>Questa certificazione garantisce la produzione di prodotti tessili in fibre naturali provenienti da agricoltura biologica, totalmente tracciabili e conformi agli standard GOTS.<\/p>\t\t\t\t\t\t\t\t<\/div>\n\t\t\t\t<\/div>\n\t\t\t\t<\/div>\n\t\t<div class=\"elementor-element elementor-element-246a138 e-flex e-con-boxed e-con e-parent\" data-id=\"246a138\" data-element_type=\"container\">\n\t\t\t\t\t<div class=\"e-con-inner\">\n\t\t\t\t<div class=\"elementor-element elementor-element-4d9aa56 elementor-widget elementor-widget-spacer\" data-id=\"4d9aa56\" data-element_type=\"widget\" data-widget_type=\"spacer.default\">\n\t\t\t\t<div class=\"elementor-widget-container\">\n\t\t\t\t\t\t\t<div class=\"elementor-spacer\">\n\t\t\t<div class=\"elementor-spacer-inner\"><\/div>\n\t\t<\/div>\n\t\t\t\t\t\t<\/div>\n\t\t\t\t<\/div>\n\t\t\t\t\t<\/div>\n\t\t\t\t<\/div>\n\t\t\t\t<\/div>\n\t\t","protected":false},"excerpt":{"rendered":"<p>SERVIZI Stock Service Non \u00e8 importante semplicemente soddisfare le esigenze dei clienti in ogni modo possibile, \u00e8 fondamentale saperli anticipare con l\u2019aiuto dell\u2019esperienza, della competenza e della capacit\u00e0 di prevedere le tendenze del mercato. Per questo dedichiamo meticolosa attenzione all\u2019efficienza del nostro stock service di magazzino che copre un\u2019ampia gamma di filati e colori e [&hellip;]<\/p>\n","protected":false},"author":1,"featured_media":0,"parent":0,"menu_order":0,"comment_status":"closed","ping_status":"closed","template":"","meta":{"footnotes":""},"class_list":["post-493","page","type-page","status-publish","hentry"],"_links":{"self":[{"href":"https:\/\/www.filivivi.it\/index.php?rest_route=\/wp\/v2\/pages\/493","targetHints":{"allow":["GET"]}}],"collection":[{"href":"https:\/\/www.filivivi.it\/index.php?rest_route=\/wp\/v2\/pages"}],"about":[{"href":"https:\/\/www.filivivi.it\/index.php?rest_route=\/wp\/v2\/types\/page"}],"author":[{"embeddable":true,"href":"https:\/\/www.filivivi.it\/index.php?rest_route=\/wp\/v2\/users\/1"}],"replies":[{"embeddable":true,"href":"https:\/\/www.filivivi.it\/index.php?rest_route=%2Fwp%2Fv2%2Fcomments&post=493"}],"version-history":[{"count":7,"href":"https:\/\/www.filivivi.it\/index.php?rest_route=\/wp\/v2\/pages\/493\/revisions"}],"predecessor-version":[{"id":818,"href":"https:\/\/www.filivivi.it\/index.php?rest_route=\/wp\/v2\/pages\/493\/revisions\/818"}],"wp:attachment":[{"href":"https:\/\/www.filivivi.it\/index.php?rest_route=%2Fwp%2Fv2%2Fmedia&parent=493"}],"curies":[{"name":"wp","href":"https:\/\/api.w.org\/{rel}","templated":true}]}}