{"id":484,"date":"2025-05-06T12:25:48","date_gmt":"2025-05-06T10:25:48","guid":{"rendered":"http:\/\/www.filivivi.it\/?page_id=484"},"modified":"2026-03-23T02:12:00","modified_gmt":"2026-03-23T01:12:00","slug":"sostenibilita-filivivi","status":"publish","type":"page","link":"https:\/\/www.filivivi.it\/?page_id=484&lang=it","title":{"rendered":"SOSTENIBILIT\u00c0 &#8211; Filivivi"},"content":{"rendered":"\t\t<div data-elementor-type=\"wp-page\" data-elementor-id=\"484\" class=\"elementor elementor-484\" data-elementor-post-type=\"page\">\n\t\t\t\t<div class=\"elementor-element elementor-element-ea6b3f9 e-con-full e-flex e-con e-parent\" data-id=\"ea6b3f9\" data-element_type=\"container\" data-settings=\"{&quot;background_background&quot;:&quot;classic&quot;}\">\n\t\t<div class=\"elementor-element elementor-element-1b7f416 e-flex e-con-boxed e-con e-child\" data-id=\"1b7f416\" data-element_type=\"container\">\n\t\t\t\t\t<div class=\"e-con-inner\">\n\t\t<div class=\"elementor-element elementor-element-6baebaa e-con-full e-flex e-con e-child\" data-id=\"6baebaa\" data-element_type=\"container\">\n\t\t\t\t<div class=\"elementor-element elementor-element-fb2371c elementor-widget elementor-widget-heading\" data-id=\"fb2371c\" data-element_type=\"widget\" data-widget_type=\"heading.default\">\n\t\t\t\t<div class=\"elementor-widget-container\">\n\t\t\t\t\t<h1 class=\"elementor-heading-title elementor-size-default\">SOSTENIBILIT\u00c0<\/h1>\t\t\t\t<\/div>\n\t\t\t\t<\/div>\n\t\t\t\t<\/div>\n\t\t\t\t\t<\/div>\n\t\t\t\t<\/div>\n\t\t\t\t<\/div>\n\t\t<div class=\"elementor-element elementor-element-a6cfb30 e-con-full e-flex e-con e-parent\" data-id=\"a6cfb30\" data-element_type=\"container\">\n\t\t\t\t<div class=\"elementor-element elementor-element-1fcd61c elementor-widget elementor-widget-spacer\" data-id=\"1fcd61c\" data-element_type=\"widget\" data-widget_type=\"spacer.default\">\n\t\t\t\t<div class=\"elementor-widget-container\">\n\t\t\t\t\t\t\t<div class=\"elementor-spacer\">\n\t\t\t<div class=\"elementor-spacer-inner\"><\/div>\n\t\t<\/div>\n\t\t\t\t\t\t<\/div>\n\t\t\t\t<\/div>\n\t\t\t\t<div class=\"elementor-element elementor-element-d0ff71d elementor-widget elementor-widget-text-editor\" data-id=\"d0ff71d\" data-element_type=\"widget\" data-widget_type=\"text-editor.default\">\n\t\t\t\t<div class=\"elementor-widget-container\">\n\t\t\t\t\t\t\t\t\t<h3>La scelta di Oggi per Domani<\/h3>\t\t\t\t\t\t\t\t<\/div>\n\t\t\t\t<\/div>\n\t\t\t\t<div class=\"elementor-element elementor-element-c63b90f elementor-widget elementor-widget-text-editor\" data-id=\"c63b90f\" data-element_type=\"widget\" data-widget_type=\"text-editor.default\">\n\t\t\t\t<div class=\"elementor-widget-container\">\n\t\t\t\t\t\t\t\t\t<p>Il concetto di sostenibilit\u00e0 \u00e8 da tempo parte integrante del patrimonio etico di Filivivi e del suo orizzonte operativo. Ci\u00f2 significa attenzione ai processi produttivi ma anche al metodo con cui vengono utilizzate le risorse naturali. Una consapevolezza che si riflette sui progetti di sviluppo del prodotto e dell\u2019azienda, sia nel breve che nel lungo termine, che riguardano tutte le lavorazioni, dalla selezione delle materie prime fino alla logistica<\/p><p>Tutti i trattamenti effettuati nei nostri stabilimenti rispettano scrupolosamente le normative volte a tutelare la salute dell\u2019uomo e dell\u2019ambiente. L\u2019azienda si \u00e8 posta da tempo l\u2019obiettivo di ridurre il proprio impatto ambientale al di sotto di quanto richiesto dalle normative.<\/p>\t\t\t\t\t\t\t\t<\/div>\n\t\t\t\t<\/div>\n\t\t\t\t<div class=\"elementor-element elementor-element-3218ed5 elementor-widget elementor-widget-spacer\" data-id=\"3218ed5\" data-element_type=\"widget\" data-widget_type=\"spacer.default\">\n\t\t\t\t<div class=\"elementor-widget-container\">\n\t\t\t\t\t\t\t<div class=\"elementor-spacer\">\n\t\t\t<div class=\"elementor-spacer-inner\"><\/div>\n\t\t<\/div>\n\t\t\t\t\t\t<\/div>\n\t\t\t\t<\/div>\n\t\t\t\t<\/div>\n\t\t<div class=\"elementor-element elementor-element-1530d2d e-flex e-con-boxed e-con e-parent\" data-id=\"1530d2d\" data-element_type=\"container\">\n\t\t\t\t\t<div class=\"e-con-inner\">\n\t\t\t\t<div class=\"elementor-element elementor-element-0a1b972 elementor-widget elementor-widget-image\" data-id=\"0a1b972\" data-element_type=\"widget\" data-widget_type=\"image.default\">\n\t\t\t\t<div class=\"elementor-widget-container\">\n\t\t\t\t\t\t\t\t\t\t\t\t\t\t\t<img decoding=\"async\" src=\"http:\/\/www.filivivi.it\/wp-content\/uploads\/2025\/05\/PURE-NEW-WOOL.png\" title=\"\" alt=\"\" loading=\"lazy\" \/>\t\t\t\t\t\t\t\t\t\t\t\t\t\t\t<\/div>\n\t\t\t\t<\/div>\n\t\t\t\t<div class=\"elementor-element elementor-element-8af4e5a elementor-widget elementor-widget-image\" data-id=\"8af4e5a\" data-element_type=\"widget\" data-widget_type=\"image.default\">\n\t\t\t\t<div class=\"elementor-widget-container\">\n\t\t\t\t\t\t\t\t\t\t\t\t\t\t\t<img decoding=\"async\" src=\"http:\/\/www.filivivi.it\/wp-content\/uploads\/2025\/05\/accredito-1.jpg\" title=\"\" alt=\"\" loading=\"lazy\" \/>\t\t\t\t\t\t\t\t\t\t\t\t\t\t\t<\/div>\n\t\t\t\t<\/div>\n\t\t\t\t<div class=\"elementor-element elementor-element-45535ab elementor-widget elementor-widget-image\" data-id=\"45535ab\" data-element_type=\"widget\" data-widget_type=\"image.default\">\n\t\t\t\t<div class=\"elementor-widget-container\">\n\t\t\t\t\t\t\t\t\t\t\t\t\t\t\t<img fetchpriority=\"high\" decoding=\"async\" width=\"1333\" height=\"1333\" src=\"https:\/\/www.filivivi.it\/wp-content\/uploads\/2025\/07\/OEKO-TEX_STANDARD100_Logo_rgb.png\" class=\"attachment-full size-full wp-image-1427\" alt=\"\" srcset=\"https:\/\/www.filivivi.it\/wp-content\/uploads\/2025\/07\/OEKO-TEX_STANDARD100_Logo_rgb.png 1333w, https:\/\/www.filivivi.it\/wp-content\/uploads\/2025\/07\/OEKO-TEX_STANDARD100_Logo_rgb-300x300.png 300w, https:\/\/www.filivivi.it\/wp-content\/uploads\/2025\/07\/OEKO-TEX_STANDARD100_Logo_rgb-1024x1024.png 1024w, https:\/\/www.filivivi.it\/wp-content\/uploads\/2025\/07\/OEKO-TEX_STANDARD100_Logo_rgb-150x150.png 150w, https:\/\/www.filivivi.it\/wp-content\/uploads\/2025\/07\/OEKO-TEX_STANDARD100_Logo_rgb-768x768.png 768w\" sizes=\"(max-width: 1333px) 100vw, 1333px\" \/>\t\t\t\t\t\t\t\t\t\t\t\t\t\t\t<\/div>\n\t\t\t\t<\/div>\n\t\t\t\t<div class=\"elementor-element elementor-element-556a56d elementor-widget elementor-widget-image\" data-id=\"556a56d\" data-element_type=\"widget\" data-widget_type=\"image.default\">\n\t\t\t\t<div class=\"elementor-widget-container\">\n\t\t\t\t\t\t\t\t\t\t\t\t\t\t\t<img decoding=\"async\" width=\"1333\" height=\"1333\" src=\"https:\/\/www.filivivi.it\/wp-content\/uploads\/2025\/07\/OEKO-TEX_STeP_Logo_rgb.png\" class=\"attachment-full size-full wp-image-1428\" alt=\"\" srcset=\"https:\/\/www.filivivi.it\/wp-content\/uploads\/2025\/07\/OEKO-TEX_STeP_Logo_rgb.png 1333w, https:\/\/www.filivivi.it\/wp-content\/uploads\/2025\/07\/OEKO-TEX_STeP_Logo_rgb-300x300.png 300w, https:\/\/www.filivivi.it\/wp-content\/uploads\/2025\/07\/OEKO-TEX_STeP_Logo_rgb-1024x1024.png 1024w, https:\/\/www.filivivi.it\/wp-content\/uploads\/2025\/07\/OEKO-TEX_STeP_Logo_rgb-150x150.png 150w, https:\/\/www.filivivi.it\/wp-content\/uploads\/2025\/07\/OEKO-TEX_STeP_Logo_rgb-768x768.png 768w\" sizes=\"(max-width: 1333px) 100vw, 1333px\" \/>\t\t\t\t\t\t\t\t\t\t\t\t\t\t\t<\/div>\n\t\t\t\t<\/div>\n\t\t\t\t\t<\/div>\n\t\t\t\t<\/div>\n\t\t<div class=\"elementor-element elementor-element-1aa4638 e-flex e-con-boxed e-con e-parent\" data-id=\"1aa4638\" data-element_type=\"container\">\n\t\t\t\t\t<div class=\"e-con-inner\">\n\t\t\t\t<div class=\"elementor-element elementor-element-a2d128f elementor-widget elementor-widget-image\" data-id=\"a2d128f\" data-element_type=\"widget\" data-widget_type=\"image.default\">\n\t\t\t\t<div class=\"elementor-widget-container\">\n\t\t\t\t\t\t\t\t\t\t\t\t\t\t\t<img decoding=\"async\" src=\"http:\/\/www.filivivi.it\/wp-content\/uploads\/2025\/05\/LOGO-GOTS.png\" title=\"\" alt=\"\" loading=\"lazy\" \/>\t\t\t\t\t\t\t\t\t\t\t\t\t\t\t<\/div>\n\t\t\t\t<\/div>\n\t\t\t\t<div class=\"elementor-element elementor-element-bcd59a1 elementor-widget elementor-widget-image\" data-id=\"bcd59a1\" data-element_type=\"widget\" data-widget_type=\"image.default\">\n\t\t\t\t<div class=\"elementor-widget-container\">\n\t\t\t\t\t\t\t\t\t\t\t\t\t\t\t<img decoding=\"async\" src=\"http:\/\/www.filivivi.it\/wp-content\/uploads\/2025\/05\/Logo-GRS.png\" title=\"\" alt=\"\" loading=\"lazy\" \/>\t\t\t\t\t\t\t\t\t\t\t\t\t\t\t<\/div>\n\t\t\t\t<\/div>\n\t\t\t\t<div class=\"elementor-element elementor-element-35084f2 elementor-widget elementor-widget-image\" data-id=\"35084f2\" data-element_type=\"widget\" data-widget_type=\"image.default\">\n\t\t\t\t<div class=\"elementor-widget-container\">\n\t\t\t\t\t\t\t\t\t\t\t\t\t\t\t<img decoding=\"async\" src=\"http:\/\/www.filivivi.it\/wp-content\/uploads\/2025\/05\/NATIVA-PRECIOUS-FIBER.png\" title=\"\" alt=\"\" loading=\"lazy\" \/>\t\t\t\t\t\t\t\t\t\t\t\t\t\t\t<\/div>\n\t\t\t\t<\/div>\n\t\t\t\t<div class=\"elementor-element elementor-element-faae32e elementor-widget elementor-widget-image\" data-id=\"faae32e\" data-element_type=\"widget\" data-widget_type=\"image.default\">\n\t\t\t\t<div class=\"elementor-widget-container\">\n\t\t\t\t\t\t\t\t\t\t\t\t\t\t\t<img decoding=\"async\" src=\"http:\/\/www.filivivi.it\/wp-content\/uploads\/2025\/05\/LOGO-RWS.png\" title=\"\" alt=\"\" loading=\"lazy\" \/>\t\t\t\t\t\t\t\t\t\t\t\t\t\t\t<\/div>\n\t\t\t\t<\/div>\n\t\t\t\t\t<\/div>\n\t\t\t\t<\/div>\n\t\t<div class=\"elementor-element elementor-element-78c22c5 e-con-full e-flex e-con e-parent\" data-id=\"78c22c5\" data-element_type=\"container\">\n\t\t\t\t<div class=\"elementor-element elementor-element-bad87d7 elementor-widget elementor-widget-spacer\" data-id=\"bad87d7\" data-element_type=\"widget\" data-widget_type=\"spacer.default\">\n\t\t\t\t<div class=\"elementor-widget-container\">\n\t\t\t\t\t\t\t<div class=\"elementor-spacer\">\n\t\t\t<div class=\"elementor-spacer-inner\"><\/div>\n\t\t<\/div>\n\t\t\t\t\t\t<\/div>\n\t\t\t\t<\/div>\n\t\t\t\t<div class=\"elementor-element elementor-element-fe99727 elementor-widget elementor-widget-text-editor\" data-id=\"fe99727\" data-element_type=\"widget\" data-widget_type=\"text-editor.default\">\n\t\t\t\t<div class=\"elementor-widget-container\">\n\t\t\t\t\t\t\t\t\t<h3>Produzione<\/h3>\t\t\t\t\t\t\t\t<\/div>\n\t\t\t\t<\/div>\n\t\t\t\t<div class=\"elementor-element elementor-element-2266c6c elementor-widget elementor-widget-text-editor\" data-id=\"2266c6c\" data-element_type=\"widget\" data-widget_type=\"text-editor.default\">\n\t\t\t\t<div class=\"elementor-widget-container\">\n\t\t\t\t\t\t\t\t\t<p class=\"p2\"><span class=\"s2\">Tutti i trattamenti effettuati nei nostri stabilimenti rispettano scrupolosamente il regolamento Reach, il sistema europeo di registrazione, valutazione e autorizzazione delle sostanze chimiche volto a tutelare sia la nostra salute che l\u2019ambiente. La nostra priorit\u00e0 nella selezione dei prodotti chimici, necessari alla produzione, \u00e8 individuare e selezionare quelli pi\u00f9 sicuri per l\u2019ambiente e la salute.<\/span><\/p><p class=\"p2\"><span class=\"s2\">Filivivi ha ottenuto la certificazione\u00a0<\/span><span class=\"s3\"><b>Oekotex sTeP<\/b><\/span><span class=\"s2\">\u00a0dopo un percorso di analisi e audit approfonditi che ha abbracciato tutti i settori dell\u2019organizzazione e delle attivit\u00e0 produttive. Ci\u00f2 conferma i risultati tangibili dell\u2019impegno di Filivivi per la sostenibilit\u00e0. Per quanto riguarda le emissioni e la sicurezza sul lavoro, i nostri stabilimenti produttivi perseguono obiettivi autodefiniti rivisti e periodicamente aggiornati.<\/span><\/p><p class=\"p2\"><span class=\"s2\">Particolare attenzione \u00e8 posta ai consumi energetici che sono coperti in misura crescente da energie rinnovabili \u201cinterne\u201d. Filivivi ha in programma un incremento significativo nell\u2019utilizzo delle energie rinnovabili nei prossimi 5 anni, grazie agli investimenti gi\u00e0 stanziati. Nello stesso periodo, un piano gi\u00e0 in fase di attuazione garantir\u00e0 una significativa riduzione dei consumi energetici, grazie ad interventi sia sulle macchine produttive che sull\u2019illuminazione dei luoghi di lavoro.<\/span><\/p><p class=\"p2\"><span class=\"s2\">Grande attenzione \u00e8 posta dall\u2019azienda verso gli aspetti sociali: in primo luogo, e doverosamente, verso gli standard di sicurezza sul luogo di lavoro che hanno consentito di ottenere un numero molto basso di infortuni. La correttezza delle retribuzioni, il pieno coinvolgimento dei collaboratori nelle attivit\u00e0 aziendali, grazie ad una politica di comunicazione bidirezionale, e la ricerca di un clima collaborativo, rendono Filivivi un\u2019azienda con un basso turnover del personale. Questo aiuta a capire quanto l\u2019azienda sia apprezzata dai propri dipendenti.<\/span><\/p>\t\t\t\t\t\t\t\t<\/div>\n\t\t\t\t<\/div>\n\t\t\t\t<div class=\"elementor-element elementor-element-475a1b3 elementor-widget elementor-widget-spacer\" data-id=\"475a1b3\" data-element_type=\"widget\" data-widget_type=\"spacer.default\">\n\t\t\t\t<div class=\"elementor-widget-container\">\n\t\t\t\t\t\t\t<div class=\"elementor-spacer\">\n\t\t\t<div class=\"elementor-spacer-inner\"><\/div>\n\t\t<\/div>\n\t\t\t\t\t\t<\/div>\n\t\t\t\t<\/div>\n\t\t\t\t<\/div>\n\t\t<div class=\"elementor-element elementor-element-3d7923d e-con-full e-flex e-con e-parent\" data-id=\"3d7923d\" data-element_type=\"container\" data-settings=\"{&quot;background_background&quot;:&quot;classic&quot;}\">\n\t\t<div class=\"elementor-element elementor-element-fe9f0d0 e-con-full e-flex e-con e-child\" data-id=\"fe9f0d0\" data-element_type=\"container\">\n\t\t\t\t<div class=\"elementor-element elementor-element-b7e90ce elementor-widget elementor-widget-image\" data-id=\"b7e90ce\" data-element_type=\"widget\" data-widget_type=\"image.default\">\n\t\t\t\t<div class=\"elementor-widget-container\">\n\t\t\t\t\t\t\t\t\t\t\t\t\t\t\t<img decoding=\"async\" src=\"http:\/\/www.filivivi.it\/wp-content\/uploads\/2025\/05\/Filivivi-sustainability-02.jpg\" title=\"\" alt=\"\" loading=\"lazy\" \/>\t\t\t\t\t\t\t\t\t\t\t\t\t\t\t<\/div>\n\t\t\t\t<\/div>\n\t\t\t\t<\/div>\n\t\t\t\t<\/div>\n\t\t<div class=\"elementor-element elementor-element-a496aec e-con-full e-flex e-con e-parent\" data-id=\"a496aec\" data-element_type=\"container\">\n\t\t\t\t<div class=\"elementor-element elementor-element-0e4fa89 elementor-widget elementor-widget-spacer\" data-id=\"0e4fa89\" data-element_type=\"widget\" data-widget_type=\"spacer.default\">\n\t\t\t\t<div class=\"elementor-widget-container\">\n\t\t\t\t\t\t\t<div class=\"elementor-spacer\">\n\t\t\t<div class=\"elementor-spacer-inner\"><\/div>\n\t\t<\/div>\n\t\t\t\t\t\t<\/div>\n\t\t\t\t<\/div>\n\t\t\t\t<div class=\"elementor-element elementor-element-eca1528 elementor-widget elementor-widget-text-editor\" data-id=\"eca1528\" data-element_type=\"widget\" data-widget_type=\"text-editor.default\">\n\t\t\t\t<div class=\"elementor-widget-container\">\n\t\t\t\t\t\t\t\t\t<h3>Prodotti Sostenibili \u2013 Lanerossi Green<\/h3>\t\t\t\t\t\t\t\t<\/div>\n\t\t\t\t<\/div>\n\t\t\t\t<div class=\"elementor-element elementor-element-81bb60c elementor-widget elementor-widget-text-editor\" data-id=\"81bb60c\" data-element_type=\"widget\" data-widget_type=\"text-editor.default\">\n\t\t\t\t<div class=\"elementor-widget-container\">\n\t\t\t\t\t\t\t\t\t<p>Oggi Filivivi e la sua produzione hanno ottenuto la certificazione\u00a0<strong>Global Organic Textile Standard (GOTS) and Responsible Wool Standard (RWS).<\/strong><\/p><p><strong>GOTS<\/strong>\u00a0\u00e8 riconosciuto come lo standard pi\u00f9 importante per la produzione sostenibile di indumenti e prodotti tessili realizzati con fibre naturali provenienti da agricoltura biologica, come cotone biologico o lana biologica. \u00c8 una certificazione a tutela del cliente, accettata in tutti i principali mercati.<\/p><p>Questa certificazione garantisce la completa tracciabilit\u00e0: tutto il materiale deve provenire da coltivazioni biologiche certificate. Inoltre, il protocollo limita fortemente l\u2019uso di sostanze chimiche potenzialmente dannose per l\u2019ambiente o la salute, dalla raccolta alle successive fasi di lavorazione. Il protocollo prevede, infine, la verifica del rispetto dell\u2019etica aziendale in termini di garanzie sociali, tutela del lavoro ed equit\u00e0, anche sotto il profilo retributivo, sul posto di lavoro.<\/p><p>\u00a0<\/p><p><strong>RWS<\/strong>\u00a0(Responsible Wool Standard) Anche il protocollo garantisce la completa tracciabilit\u00e0 delle materie prime e della filiera. Certifica che la lana proviene da allevamenti con un approccio progressivo nella gestione del territorio e da pecore trattate in modo responsabile. Fondamentali sono la tutela della salute del suolo, della biodiversit\u00e0 e delle specie autoctone, nonch\u00e9 il trattamento responsabile degli animali che devono essere liberi da ogni privazione.<\/p><p>Il prodotto con certidficazione RWS<\/p>\t\t\t\t\t\t\t\t<\/div>\n\t\t\t\t<\/div>\n\t\t\t\t<\/div>\n\t\t<div class=\"elementor-element elementor-element-246a138 e-flex e-con-boxed e-con e-parent\" data-id=\"246a138\" data-element_type=\"container\">\n\t\t\t\t\t<div class=\"e-con-inner\">\n\t\t\t\t<div class=\"elementor-element elementor-element-4d9aa56 elementor-widget elementor-widget-spacer\" data-id=\"4d9aa56\" data-element_type=\"widget\" data-widget_type=\"spacer.default\">\n\t\t\t\t<div class=\"elementor-widget-container\">\n\t\t\t\t\t\t\t<div class=\"elementor-spacer\">\n\t\t\t<div class=\"elementor-spacer-inner\"><\/div>\n\t\t<\/div>\n\t\t\t\t\t\t<\/div>\n\t\t\t\t<\/div>\n\t\t\t\t\t<\/div>\n\t\t\t\t<\/div>\n\t\t\t\t<\/div>\n\t\t","protected":false},"excerpt":{"rendered":"<p>SOSTENIBILIT\u00c0 La scelta di Oggi per Domani Il concetto di sostenibilit\u00e0 \u00e8 da tempo parte integrante del patrimonio etico di Filivivi e del suo orizzonte operativo. Ci\u00f2 significa attenzione ai processi produttivi ma anche al metodo con cui vengono utilizzate le risorse naturali. Una consapevolezza che si riflette sui progetti di sviluppo del prodotto e [&hellip;]<\/p>\n","protected":false},"author":1,"featured_media":0,"parent":0,"menu_order":0,"comment_status":"closed","ping_status":"closed","template":"","meta":{"footnotes":""},"class_list":["post-484","page","type-page","status-publish","hentry"],"_links":{"self":[{"href":"https:\/\/www.filivivi.it\/index.php?rest_route=\/wp\/v2\/pages\/484","targetHints":{"allow":["GET"]}}],"collection":[{"href":"https:\/\/www.filivivi.it\/index.php?rest_route=\/wp\/v2\/pages"}],"about":[{"href":"https:\/\/www.filivivi.it\/index.php?rest_route=\/wp\/v2\/types\/page"}],"author":[{"embeddable":true,"href":"https:\/\/www.filivivi.it\/index.php?rest_route=\/wp\/v2\/users\/1"}],"replies":[{"embeddable":true,"href":"https:\/\/www.filivivi.it\/index.php?rest_route=%2Fwp%2Fv2%2Fcomments&post=484"}],"version-history":[{"count":17,"href":"https:\/\/www.filivivi.it\/index.php?rest_route=\/wp\/v2\/pages\/484\/revisions"}],"predecessor-version":[{"id":2276,"href":"https:\/\/www.filivivi.it\/index.php?rest_route=\/wp\/v2\/pages\/484\/revisions\/2276"}],"wp:attachment":[{"href":"https:\/\/www.filivivi.it\/index.php?rest_route=%2Fwp%2Fv2%2Fmedia&parent=484"}],"curies":[{"name":"wp","href":"https:\/\/api.w.org\/{rel}","templated":true}]}}