{"id":478,"date":"2025-05-06T12:22:14","date_gmt":"2025-05-06T10:22:14","guid":{"rendered":"http:\/\/www.filivivi.it\/?page_id=478"},"modified":"2025-06-23T13:20:51","modified_gmt":"2025-06-23T11:20:51","slug":"corporate-filivivi","status":"publish","type":"page","link":"https:\/\/www.filivivi.it\/?page_id=478&lang=it","title":{"rendered":"CORPORATE &#8211; Filivivi"},"content":{"rendered":"\t\t<div data-elementor-type=\"wp-page\" data-elementor-id=\"478\" class=\"elementor elementor-478\" data-elementor-post-type=\"page\">\n\t\t\t\t<div class=\"elementor-element elementor-element-ea6b3f9 e-con-full e-flex e-con e-parent\" data-id=\"ea6b3f9\" data-element_type=\"container\" data-settings=\"{&quot;background_background&quot;:&quot;classic&quot;}\">\n\t\t<div class=\"elementor-element elementor-element-1b7f416 e-flex e-con-boxed e-con e-child\" data-id=\"1b7f416\" data-element_type=\"container\">\n\t\t\t\t\t<div class=\"e-con-inner\">\n\t\t<div class=\"elementor-element elementor-element-6baebaa e-con-full e-flex e-con e-child\" data-id=\"6baebaa\" data-element_type=\"container\">\n\t\t\t\t<div class=\"elementor-element elementor-element-fb2371c elementor-widget elementor-widget-heading\" data-id=\"fb2371c\" data-element_type=\"widget\" data-widget_type=\"heading.default\">\n\t\t\t\t<div class=\"elementor-widget-container\">\n\t\t\t\t\t<h1 class=\"elementor-heading-title elementor-size-default\">CORPORATE<\/h1>\t\t\t\t<\/div>\n\t\t\t\t<\/div>\n\t\t\t\t<\/div>\n\t\t\t\t\t<\/div>\n\t\t\t\t<\/div>\n\t\t\t\t<\/div>\n\t\t<div class=\"elementor-element elementor-element-a6cfb30 e-con-full e-flex e-con e-parent\" data-id=\"a6cfb30\" data-element_type=\"container\">\n\t\t\t\t<div class=\"elementor-element elementor-element-1fcd61c elementor-widget elementor-widget-spacer\" data-id=\"1fcd61c\" data-element_type=\"widget\" data-widget_type=\"spacer.default\">\n\t\t\t\t<div class=\"elementor-widget-container\">\n\t\t\t\t\t\t\t<div class=\"elementor-spacer\">\n\t\t\t<div class=\"elementor-spacer-inner\"><\/div>\n\t\t<\/div>\n\t\t\t\t\t\t<\/div>\n\t\t\t\t<\/div>\n\t\t\t\t<div class=\"elementor-element elementor-element-d0ff71d elementor-widget elementor-widget-text-editor\" data-id=\"d0ff71d\" data-element_type=\"widget\" data-widget_type=\"text-editor.default\">\n\t\t\t\t<div class=\"elementor-widget-container\">\n\t\t\t\t\t\t\t\t\t<h3>Un intreccio di Esperienza e Innovazione<\/h3><div class=\"static__text\">\u00a0<\/div>\t\t\t\t\t\t\t\t<\/div>\n\t\t\t\t<\/div>\n\t\t\t\t<div class=\"elementor-element elementor-element-c63b90f elementor-widget elementor-widget-text-editor\" data-id=\"c63b90f\" data-element_type=\"widget\" data-widget_type=\"text-editor.default\">\n\t\t\t\t<div class=\"elementor-widget-container\">\n\t\t\t\t\t\t\t\t\t<p><strong>Fare le cose bene. Molto bene.<\/strong><br \/>Il nostro lavoro \u00e8 selezionare e lavorare fibre tessili e lane che il talento dei nostri clienti possa poi trasformare in bellezza, eleganza e benessere.<br \/>Produciamo filati pettinati e cardati, tradizionali e innovativi, per maglieria elegante e casual in colori sia classici che di alta moda, delicati al tatto e resistenti. Produciamo colori per ogni stagione, per ogni linea e per ogni abbinamento: una ricca tavolozza di colori senza tempo e sfumature sempre fresche in cui \u00e8 facile trovare soluzioni per dare corpo alle proprie idee. Offriamo una vasta gamma di prodotti e servizi su misura per soddisfare le esigenze dei nostri clienti.<\/p><p><strong>Attenzione, disponibilit\u00e0, efficienza.<\/strong><br \/>Monitoriamo costantemente le tendenze del mercato affinch\u00e9 i nostri clienti possano sempre trovare il prodotto pi\u00f9 adatto ad interpretare la loro creativit\u00e0.<br \/>Puntiamo all\u2019ottimizzazione dell\u2019organizzazione, della produzione e della distribuzione della nostra azienda per garantire qualit\u00e0 costante, continuit\u00e0 nell\u2019innovazione, flessibilit\u00e0 e servizio tempestivo per clienti grandi e piccoli.<\/p><p><strong>Fare le cose bene. Qualunque cosa. Sempre.<\/strong><br \/>Fare bene le cose significa anche monitorare costantemente i nostri materiali e i nostri cicli produttivi dimostrando attenzione all\u2019ambiente. Tutti i nostri prodotti sono certificati e soddisfano gli standard pi\u00f9 severi sia in termini di qualit\u00e0 delle materie prime che di tutela ambientale.<\/p>\t\t\t\t\t\t\t\t<\/div>\n\t\t\t\t<\/div>\n\t\t\t\t<div class=\"elementor-element elementor-element-3218ed5 elementor-widget elementor-widget-spacer\" data-id=\"3218ed5\" data-element_type=\"widget\" data-widget_type=\"spacer.default\">\n\t\t\t\t<div class=\"elementor-widget-container\">\n\t\t\t\t\t\t\t<div class=\"elementor-spacer\">\n\t\t\t<div class=\"elementor-spacer-inner\"><\/div>\n\t\t<\/div>\n\t\t\t\t\t\t<\/div>\n\t\t\t\t<\/div>\n\t\t\t\t<\/div>\n\t\t<div class=\"elementor-element elementor-element-7cf1fc8 e-con-full e-flex e-con e-parent\" data-id=\"7cf1fc8\" data-element_type=\"container\" data-settings=\"{&quot;background_background&quot;:&quot;classic&quot;}\">\n\t\t<div class=\"elementor-element elementor-element-929020e e-con-full e-flex e-con e-child\" data-id=\"929020e\" data-element_type=\"container\">\n\t\t\t\t<div class=\"elementor-element elementor-element-9955366 elementor-widget elementor-widget-image\" data-id=\"9955366\" data-element_type=\"widget\" data-widget_type=\"image.default\">\n\t\t\t\t<div class=\"elementor-widget-container\">\n\t\t\t\t\t\t\t\t\t\t\t\t\t\t\t<img decoding=\"async\" src=\"http:\/\/www.filivivi.it\/wp-content\/uploads\/2025\/05\/Filivivi-corporate-Lanerossi.jpg\" title=\"\" alt=\"\" loading=\"lazy\" \/>\t\t\t\t\t\t\t\t\t\t\t\t\t\t\t<\/div>\n\t\t\t\t<\/div>\n\t\t\t\t<\/div>\n\t\t\t\t<\/div>\n\t\t<div class=\"elementor-element elementor-element-78c22c5 e-con-full e-flex e-con e-parent\" data-id=\"78c22c5\" data-element_type=\"container\">\n\t\t\t\t<div class=\"elementor-element elementor-element-bad87d7 elementor-widget elementor-widget-spacer\" data-id=\"bad87d7\" data-element_type=\"widget\" data-widget_type=\"spacer.default\">\n\t\t\t\t<div class=\"elementor-widget-container\">\n\t\t\t\t\t\t\t<div class=\"elementor-spacer\">\n\t\t\t<div class=\"elementor-spacer-inner\"><\/div>\n\t\t<\/div>\n\t\t\t\t\t\t<\/div>\n\t\t\t\t<\/div>\n\t\t\t\t<div class=\"elementor-element elementor-element-fe99727 elementor-widget elementor-widget-text-editor\" data-id=\"fe99727\" data-element_type=\"widget\" data-widget_type=\"text-editor.default\">\n\t\t\t\t<div class=\"elementor-widget-container\">\n\t\t\t\t\t\t\t\t\t<h3>Una Leggenda Italiana<\/h3>\t\t\t\t\t\t\t\t<\/div>\n\t\t\t\t<\/div>\n\t\t\t\t<div class=\"elementor-element elementor-element-2266c6c elementor-widget elementor-widget-text-editor\" data-id=\"2266c6c\" data-element_type=\"widget\" data-widget_type=\"text-editor.default\">\n\t\t\t\t<div class=\"elementor-widget-container\">\n\t\t\t\t\t\t\t\t\t<p><strong>Lanerossi: il fiore della tradizione.<\/strong><br \/>Il marchio Lanerossi \u00e8 il fiore all\u2019occhiello del nostro gruppo. \u00c8 emozionante essere custodi dell\u2019eredit\u00e0 di un\u2019azienda che ha aperto la strada sia in Italia che all\u2019estero.<br \/>La storia di Lanerossi inizia nel 1817 con la fondazione del lanificio Rossi a Schio, nell\u2019alto vicentino. Il fondatore fu Francesco Rossi. Il figlio Alessandro trasform\u00f2 l\u2019azienda in una delle industrie leader in Italia.<br \/>Per anni il nome Lanerossi \u00e8 stato sinonimo di benessere, eleganza, calore e intimit\u00e0, con i suoi tessuti, coperte, abiti e filati diffusi in tutto il mondo. Oggi il marchio Lanerossi nobilita i nostri filati con il suo prestigio<\/p>\t\t\t\t\t\t\t\t<\/div>\n\t\t\t\t<\/div>\n\t\t\t\t<div class=\"elementor-element elementor-element-475a1b3 elementor-widget elementor-widget-spacer\" data-id=\"475a1b3\" data-element_type=\"widget\" data-widget_type=\"spacer.default\">\n\t\t\t\t<div class=\"elementor-widget-container\">\n\t\t\t\t\t\t\t<div class=\"elementor-spacer\">\n\t\t\t<div class=\"elementor-spacer-inner\"><\/div>\n\t\t<\/div>\n\t\t\t\t\t\t<\/div>\n\t\t\t\t<\/div>\n\t\t\t\t<\/div>\n\t\t<div class=\"elementor-element elementor-element-3d7923d e-con-full e-flex e-con e-parent\" data-id=\"3d7923d\" data-element_type=\"container\" data-settings=\"{&quot;background_background&quot;:&quot;classic&quot;}\">\n\t\t<div class=\"elementor-element elementor-element-fe9f0d0 e-con-full e-flex e-con e-child\" data-id=\"fe9f0d0\" data-element_type=\"container\">\n\t\t\t\t<div class=\"elementor-element elementor-element-b7e90ce elementor-widget elementor-widget-image\" data-id=\"b7e90ce\" data-element_type=\"widget\" data-widget_type=\"image.default\">\n\t\t\t\t<div class=\"elementor-widget-container\">\n\t\t\t\t\t\t\t\t\t\t\t\t\t\t\t<img decoding=\"async\" src=\"http:\/\/www.filivivi.it\/wp-content\/uploads\/2025\/05\/Filivivi-corporate-02.jpg\" title=\"\" alt=\"\" loading=\"lazy\" \/>\t\t\t\t\t\t\t\t\t\t\t\t\t\t\t<\/div>\n\t\t\t\t<\/div>\n\t\t\t\t<\/div>\n\t\t\t\t<\/div>\n\t\t<div class=\"elementor-element elementor-element-a496aec e-con-full e-flex e-con e-parent\" data-id=\"a496aec\" data-element_type=\"container\">\n\t\t\t\t<div class=\"elementor-element elementor-element-0e4fa89 elementor-widget elementor-widget-spacer\" data-id=\"0e4fa89\" data-element_type=\"widget\" data-widget_type=\"spacer.default\">\n\t\t\t\t<div class=\"elementor-widget-container\">\n\t\t\t\t\t\t\t<div class=\"elementor-spacer\">\n\t\t\t<div class=\"elementor-spacer-inner\"><\/div>\n\t\t<\/div>\n\t\t\t\t\t\t<\/div>\n\t\t\t\t<\/div>\n\t\t\t\t<div class=\"elementor-element elementor-element-eca1528 elementor-widget elementor-widget-text-editor\" data-id=\"eca1528\" data-element_type=\"widget\" data-widget_type=\"text-editor.default\">\n\t\t\t\t<div class=\"elementor-widget-container\">\n\t\t\t\t\t\t\t\t\t<h3>La Struttura Industriale<\/h3>\t\t\t\t\t\t\t\t<\/div>\n\t\t\t\t<\/div>\n\t\t\t\t<div class=\"elementor-element elementor-element-81bb60c elementor-widget elementor-widget-text-editor\" data-id=\"81bb60c\" data-element_type=\"widget\" data-widget_type=\"text-editor.default\">\n\t\t\t\t<div class=\"elementor-widget-container\">\n\t\t\t\t\t\t\t\t\t<p><strong>Un filo multicolore che collega le idee ai prodotti.<\/strong><br \/>La produzione si basa su tre linee progettate per offrire la pi\u00f9 ampia scelta per soddisfare le esigenze di ogni categoria di clientela. L\u2019offerta dell\u2019azienda si arricchisce di tre caratteristiche cruciali: affidabilit\u00e0 costante, pronta disponibilit\u00e0 e spirito di servizio.<br \/><strong>\u2013 Lanerossi<\/strong><br \/>Filati 100% lana merino, filati cardati. Sotto la duplice bandiera della tradizione e dell\u2019eccellenza per la massima soddisfazione.<br \/><strong>\u2013 Folco<\/strong><br \/>Filati Folco Blended: una vasta scelta di colori, qualit\u00e0 ed uniformit\u00e0 di produzione ed un efficiente stock service. Sotto la duplice bandiera dell\u2019affidabilit\u00e0 e dell\u2019organizzazione per la massima efficienza. Inoltre, grazie al sistema Folcolor, i clienti possono scegliere tra le oltre mille sfumature del nostro campionario e ricevere i filati tinti in tempi brevi grazie alla nostra efficiente consegna diretta.<br \/><strong>\u2013 Filivivi<\/strong><br \/>Prodotti innovativi, misti tra fibre tecniche e nobili, e filati per tessitura. Sotto la duplice bandiera di tecnologia e innovazione per la massima originalit\u00e0.<\/p>\t\t\t\t\t\t\t\t<\/div>\n\t\t\t\t<\/div>\n\t\t\t\t<div class=\"elementor-element elementor-element-e61b7b1 elementor-widget elementor-widget-spacer\" data-id=\"e61b7b1\" data-element_type=\"widget\" data-widget_type=\"spacer.default\">\n\t\t\t\t<div class=\"elementor-widget-container\">\n\t\t\t\t\t\t\t<div class=\"elementor-spacer\">\n\t\t\t<div class=\"elementor-spacer-inner\"><\/div>\n\t\t<\/div>\n\t\t\t\t\t\t<\/div>\n\t\t\t\t<\/div>\n\t\t\t\t<\/div>\n\t\t<div class=\"elementor-element elementor-element-59535fa e-con-full e-flex e-con e-parent\" data-id=\"59535fa\" data-element_type=\"container\" data-settings=\"{&quot;background_background&quot;:&quot;classic&quot;}\">\n\t\t<div class=\"elementor-element elementor-element-a983fb4 e-con-full e-flex e-con e-child\" data-id=\"a983fb4\" data-element_type=\"container\">\n\t\t\t\t<div class=\"elementor-element elementor-element-7a2d6d1 elementor-widget elementor-widget-image\" data-id=\"7a2d6d1\" data-element_type=\"widget\" data-widget_type=\"image.default\">\n\t\t\t\t<div class=\"elementor-widget-container\">\n\t\t\t\t\t\t\t\t\t\t\t\t\t\t\t<img decoding=\"async\" src=\"http:\/\/www.filivivi.it\/wp-content\/uploads\/2025\/05\/Filivivi-corporate-03.png\" title=\"\" alt=\"\" loading=\"lazy\" \/>\t\t\t\t\t\t\t\t\t\t\t\t\t\t\t<\/div>\n\t\t\t\t<\/div>\n\t\t\t\t<\/div>\n\t\t\t\t<\/div>\n\t\t<div class=\"elementor-element elementor-element-246a138 e-flex e-con-boxed e-con e-parent\" data-id=\"246a138\" data-element_type=\"container\">\n\t\t\t\t\t<div class=\"e-con-inner\">\n\t\t\t\t<div class=\"elementor-element elementor-element-4d9aa56 elementor-widget elementor-widget-spacer\" data-id=\"4d9aa56\" data-element_type=\"widget\" data-widget_type=\"spacer.default\">\n\t\t\t\t<div class=\"elementor-widget-container\">\n\t\t\t\t\t\t\t<div class=\"elementor-spacer\">\n\t\t\t<div class=\"elementor-spacer-inner\"><\/div>\n\t\t<\/div>\n\t\t\t\t\t\t<\/div>\n\t\t\t\t<\/div>\n\t\t\t\t\t<\/div>\n\t\t\t\t<\/div>\n\t\t\t\t<\/div>\n\t\t","protected":false},"excerpt":{"rendered":"<p>CORPORATE Un intreccio di Esperienza e Innovazione \u00a0 Fare le cose bene. Molto bene.Il nostro lavoro \u00e8 selezionare e lavorare fibre tessili e lane che il talento dei nostri clienti possa poi trasformare in bellezza, eleganza e benessere.Produciamo filati pettinati e cardati, tradizionali e innovativi, per maglieria elegante e casual in colori sia classici che [&hellip;]<\/p>\n","protected":false},"author":1,"featured_media":0,"parent":0,"menu_order":0,"comment_status":"closed","ping_status":"closed","template":"","meta":{"footnotes":""},"class_list":["post-478","page","type-page","status-publish","hentry"],"_links":{"self":[{"href":"https:\/\/www.filivivi.it\/index.php?rest_route=\/wp\/v2\/pages\/478","targetHints":{"allow":["GET"]}}],"collection":[{"href":"https:\/\/www.filivivi.it\/index.php?rest_route=\/wp\/v2\/pages"}],"about":[{"href":"https:\/\/www.filivivi.it\/index.php?rest_route=\/wp\/v2\/types\/page"}],"author":[{"embeddable":true,"href":"https:\/\/www.filivivi.it\/index.php?rest_route=\/wp\/v2\/users\/1"}],"replies":[{"embeddable":true,"href":"https:\/\/www.filivivi.it\/index.php?rest_route=%2Fwp%2Fv2%2Fcomments&post=478"}],"version-history":[{"count":11,"href":"https:\/\/www.filivivi.it\/index.php?rest_route=\/wp\/v2\/pages\/478\/revisions"}],"predecessor-version":[{"id":812,"href":"https:\/\/www.filivivi.it\/index.php?rest_route=\/wp\/v2\/pages\/478\/revisions\/812"}],"wp:attachment":[{"href":"https:\/\/www.filivivi.it\/index.php?rest_route=%2Fwp%2Fv2%2Fmedia&parent=478"}],"curies":[{"name":"wp","href":"https:\/\/api.w.org\/{rel}","templated":true}]}}